{"id":388,"date":"2020-07-19T07:52:25","date_gmt":"2020-07-19T07:52:25","guid":{"rendered":"https:\/\/wir-fuer-kinder.net\/?page_id=388"},"modified":"2020-10-06T16:17:43","modified_gmt":"2020-10-06T16:17:43","slug":"projekt-staerken-camps","status":"publish","type":"page","link":"https:\/\/we-for-kids.com\/index.php\/projekt-staerken-camps\/","title":{"rendered":"Project strengthening &#8211; CAMPS"},"content":{"rendered":"<p>[et_pb_section fb_built=&#8220;1&#8243; fullwidth=&#8220;on&#8220; custom_padding_last_edited=&#8220;on|desktop&#8220; admin_label=&#8220;section&#8220; _builder_version=&#8220;3.22&#8243; custom_padding=&#8220;50||1px|||&#8220; custom_padding_tablet=&#8220;50px|0|50px|0&#8243; custom_padding_phone=&#8220;&#8220; transparent_background=&#8220;off&#8220; padding_mobile=&#8220;off&#8220; make_fullwidth=&#8220;off&#8220; use_custom_width=&#8220;off&#8220; width_unit=&#8220;on&#8220;][et_pb_fullwidth_slider admin_label=&#8220;Vollbreiter Slider&#8220; _builder_version=&#8220;4.4.7&#8243; background_enable_image=&#8220;off&#8220; max_width=&#8220;100%&#8220; module_alignment=&#8220;center&#8220; min_height_tablet=&#8220;&#8220; min_height_phone=&#8220;&#8220; min_height_last_edited=&#8220;on|desktop&#8220; height=&#8220;1000px&#8220; custom_margin=&#8220;-50px||0px|||&#8220; custom_padding=&#8220;250||0px|||&#8220; custom_padding_tablet=&#8220;|||&#8220; custom_padding_phone=&#8220;|||&#8220; box_shadow_style=&#8220;preset6&#8243; box_shadow_blur=&#8220;10px&#8220; box_shadow_color=&#8220;rgba(0,0,0,0.1)&#8220; top_padding=&#8220;250&#8243; bottom_padding=&#8220;250&#8243; remove_inner_shadow=&#8220;off&#8220; hide_content_on_mobile=&#8220;off&#8220; hide_cta_on_mobile=&#8220;off&#8220; show_inner_shadow=&#8220;on&#8220; button_letter_spacing_hover=&#8220;0&#8243; button_text_size__hover_enabled=&#8220;off&#8220; button_one_text_size__hover_enabled=&#8220;off&#8220; button_two_text_size__hover_enabled=&#8220;off&#8220; button_text_color__hover_enabled=&#8220;off&#8220; button_one_text_color__hover_enabled=&#8220;off&#8220; button_two_text_color__hover_enabled=&#8220;off&#8220; button_border_width__hover_enabled=&#8220;off&#8220; button_one_border_width__hover_enabled=&#8220;off&#8220; button_two_border_width__hover_enabled=&#8220;off&#8220; button_border_color__hover_enabled=&#8220;off&#8220; button_one_border_color__hover_enabled=&#8220;off&#8220; button_two_border_color__hover_enabled=&#8220;off&#8220; button_border_radius__hover_enabled=&#8220;off&#8220; button_one_border_radius__hover_enabled=&#8220;off&#8220; button_two_border_radius__hover_enabled=&#8220;off&#8220; button_letter_spacing__hover_enabled=&#8220;on&#8220; button_letter_spacing__hover=&#8220;0&#8243; button_one_letter_spacing__hover_enabled=&#8220;off&#8220; button_two_letter_spacing__hover_enabled=&#8220;off&#8220; button_bg_color__hover_enabled=&#8220;off&#8220; button_one_bg_color__hover_enabled=&#8220;off&#8220; button_two_bg_color__hover_enabled=&#8220;off&#8220;][et_pb_slide _builder_version=&#8220;4.4.7&#8243; background_color=&#8220;#ffffff&#8220; background_image=&#8220;https:\/\/we-for-kids.com\/wp-content\/uploads\/2020\/07\/Camps_3840x1500px-scaled.jpg&#8220; background_enable_image=&#8220;on&#8220; button_icon_placement=&#8220;right&#8220; button_on_hover=&#8220;on&#8220; button_text_size__hover_enabled=&#8220;off&#8220; button_one_text_size__hover_enabled=&#8220;off&#8220; button_two_text_size__hover_enabled=&#8220;off&#8220; button_text_color__hover_enabled=&#8220;off&#8220; button_one_text_color__hover_enabled=&#8220;off&#8220; button_two_text_color__hover_enabled=&#8220;off&#8220; button_border_width__hover_enabled=&#8220;off&#8220; button_one_border_width__hover_enabled=&#8220;off&#8220; button_two_border_width__hover_enabled=&#8220;off&#8220; button_border_color__hover_enabled=&#8220;off&#8220; button_one_border_color__hover_enabled=&#8220;off&#8220; button_two_border_color__hover_enabled=&#8220;off&#8220; button_border_radius__hover_enabled=&#8220;off&#8220; button_one_border_radius__hover_enabled=&#8220;off&#8220; button_two_border_radius__hover_enabled=&#8220;off&#8220; button_letter_spacing__hover_enabled=&#8220;off&#8220; button_one_letter_spacing__hover_enabled=&#8220;off&#8220; button_two_letter_spacing__hover_enabled=&#8220;off&#8220; button_bg_color__hover_enabled=&#8220;off&#8220; button_one_bg_color__hover_enabled=&#8220;off&#8220; button_two_bg_color__hover_enabled=&#8220;off&#8220;][\/et_pb_slide][\/et_pb_fullwidth_slider][\/et_pb_section][et_pb_section fb_built=&#8220;1&#8243; custom_padding_last_edited=&#8220;on|desktop&#8220; admin_label=&#8220;section&#8220; module_id=&#8220;agentur&#8220; _builder_version=&#8220;3.22&#8243; background_color=&#8220;#ffffff&#8220; custom_padding=&#8220;0px||2px|||&#8220; custom_padding_tablet=&#8220;50px|0|50px|0&#8243; custom_padding_phone=&#8220;&#8220; transparent_background=&#8220;off&#8220; padding_mobile=&#8220;off&#8220; make_fullwidth=&#8220;off&#8220; use_custom_width=&#8220;off&#8220; width_unit=&#8220;on&#8220;][et_pb_row padding_mobile=&#8220;off&#8220; column_padding_mobile=&#8220;on&#8220; admin_label=&#8220;row&#8220; _builder_version=&#8220;3.25&#8243; background_size=&#8220;initial&#8220; background_position=&#8220;top_left&#8220; background_repeat=&#8220;repeat&#8220; min_height=&#8220;175px&#8220; custom_padding=&#8220;50px|||||&#8220; make_fullwidth=&#8220;off&#8220; use_custom_width=&#8220;off&#8220; width_unit=&#8220;on&#8220;][et_pb_column type=&#8220;4_4&#8243; _builder_version=&#8220;3.25&#8243; custom_padding=&#8220;|||&#8220; custom_padding__hover=&#8220;|||&#8220;][et_pb_text admin_label=&#8220;Text&#8220; _builder_version=&#8220;4.4.7&#8243; header_font=&#8220;|700|||||||&#8220; background_size=&#8220;initial&#8220; background_position=&#8220;top_left&#8220; background_repeat=&#8220;repeat&#8220; text_orientation=&#8220;center&#8220; module_alignment=&#8220;center&#8220;]<\/p>\n<h1>PROJECT STRENGTHENING &#8211; CAMPS<\/h1>\n<p>[\/et_pb_text][et_pb_divider color=&#8220;#919191&#8243; disabled_on=&#8220;on|on|off&#8220; admin_label=&#8220;Teiler&#8220; _builder_version=&#8220;3.23.4&#8243; height=&#8220;2px&#8220;] [\/et_pb_divider][\/et_pb_column][\/et_pb_row][et_pb_row padding_mobile=&#8220;off&#8220; column_padding_mobile=&#8220;on&#8220; admin_label=&#8220;row&#8220; _builder_version=&#8220;3.25&#8243; background_size=&#8220;initial&#8220; background_position=&#8220;top_left&#8220; background_repeat=&#8220;repeat&#8220; min_height=&#8220;100px&#8220; custom_padding=&#8220;0px||3px|||&#8220; make_fullwidth=&#8220;off&#8220; use_custom_width=&#8220;off&#8220; width_unit=&#8220;on&#8220;][et_pb_column type=&#8220;4_4&#8243; _builder_version=&#8220;3.25&#8243; custom_padding=&#8220;|||&#8220; custom_padding__hover=&#8220;|||&#8220;][et_pb_text _builder_version=&#8220;4.4.7&#8243; custom_padding=&#8220;||0px|||&#8220;]<\/p>\n<h3>Our vision<\/h3>\n<h3><\/h3>\n<p><span style=\"font-size: 14px;\">Siblings of children with life-shortening illnesses, mourning or severely handicapped children can take time out during the football and adventure week, 6 days under full qualified supervision.<\/span><\/p>\n<p><span style=\"font-size: 14px;\">With the football and adventure week we would like to give the affected siblings moments of happiness, they should simply have fun, escape from everyday life and: <\/span><\/p>\n<h5><em>\u00a0 \u00a0 \u00a0 \u00a0 \u00a0 \u00a0 \u00a0 \u00a0 \u00a0 \u00a0 \u00a0 \u00a0 \u00a0 \u00a0 \u00a0 \u00a0 \u00a0 Just being a child &#8230;<\/em><\/h5>\n<p>&nbsp;<\/p>\n<p>In the last 5 years we have been able to give almost 120 children from socially disadvantaged families, refugee children and shadow children the opportunity to participate in a Real Madrid Camp, financed by sponsors.<\/p>\n<p>[\/et_pb_text][et_pb_divider show_divider=&#8220;off&#8220; _builder_version=&#8220;4.4.7&#8243;][\/et_pb_divider][\/et_pb_column][\/et_pb_row][\/et_pb_section][et_pb_section fb_built=&#8220;1&#8243; custom_padding_last_edited=&#8220;on|desktop&#8220; admin_label=&#8220;section&#8220; module_id=&#8220;service&#8220; _builder_version=&#8220;4.4.7&#8243; background_color=&#8220;rgba(0,0,0,0.1)&#8220; background_enable_image=&#8220;off&#8220; background_position=&#8220;top_center&#8220; background_blend=&#8220;lighten&#8220; transform_translate_linked=&#8220;off&#8220; custom_padding=&#8220;0px||15px|||&#8220; custom_padding_tablet=&#8220;50px|0|50px|0&#8243; custom_padding_phone=&#8220;&#8220; transparent_background=&#8220;off&#8220; padding_mobile=&#8220;off&#8220; make_fullwidth=&#8220;off&#8220; use_custom_width=&#8220;off&#8220; width_unit=&#8220;on&#8220; locked=&#8220;off&#8220;][et_pb_row column_structure=&#8220;1_4,1_4,1_4,1_4&#8243; _builder_version=&#8220;4.4.7&#8243;][et_pb_column type=&#8220;1_4&#8243; _builder_version=&#8220;4.4.7&#8243; background_color=&#8220;rgba(0,0,0,0)&#8220;][et_pb_image src=&#8220;https:\/\/we-for-kids.com\/wp-content\/uploads\/2020\/07\/Camps_Springen_1024x680px.jpg&#8220; title_text=&#8220;Camps_Springen_1024x680px&#8220; show_in_lightbox=&#8220;on&#8220; _builder_version=&#8220;4.4.7&#8243; box_shadow_style=&#8220;preset2&#8243; box_shadow_vertical=&#8220;3px&#8220; box_shadow_blur=&#8220;9px&#8220;][\/et_pb_image][\/et_pb_column][et_pb_column type=&#8220;1_4&#8243; _builder_version=&#8220;4.4.7&#8243; background_color=&#8220;rgba(0,0,0,0)&#8220;][et_pb_image src=&#8220;https:\/\/we-for-kids.com\/wp-content\/uploads\/2020\/07\/Camps_Kids_Rennen_1024x680px.jpg&#8220; title_text=&#8220;Camps_Kids_Rennen_1024x680px&#8220; show_in_lightbox=&#8220;on&#8220; _builder_version=&#8220;4.4.7&#8243; box_shadow_style=&#8220;preset2&#8243; box_shadow_vertical=&#8220;3px&#8220; box_shadow_blur=&#8220;9px&#8220;][\/et_pb_image][\/et_pb_column][et_pb_column type=&#8220;1_4&#8243; _builder_version=&#8220;4.4.7&#8243; background_color=&#8220;rgba(0,0,0,0)&#8220;][et_pb_image src=&#8220;https:\/\/we-for-kids.com\/wp-content\/uploads\/2020\/07\/Camps_Fu\u00dfball_1024x680px.jpg&#8220; title_text=&#8220;Camps_Fu\u00dfball_1024x680px&#8220; show_in_lightbox=&#8220;on&#8220; _builder_version=&#8220;4.4.7&#8243; box_shadow_style=&#8220;preset2&#8243; box_shadow_vertical=&#8220;3px&#8220; box_shadow_blur=&#8220;9px&#8220; box_shadow_horizontal_tablet=&#8220;&#8220; box_shadow_horizontal_phone=&#8220;&#8220; box_shadow_horizontal_last_edited=&#8220;on|desktop&#8220;][\/et_pb_image][\/et_pb_column][et_pb_column type=&#8220;1_4&#8243; _builder_version=&#8220;4.4.7&#8243; background_color=&#8220;rgba(0,0,0,0)&#8220;][et_pb_image src=&#8220;https:\/\/we-for-kids.com\/wp-content\/uploads\/2020\/07\/Camps_Happy_1024x680px.jpg&#8220; title_text=&#8220;Camps_Happy_1024x680px&#8220; _builder_version=&#8220;4.4.7&#8243;][\/et_pb_image][\/et_pb_column][\/et_pb_row][\/et_pb_section][et_pb_section fb_built=&#8220;1&#8243; custom_padding_last_edited=&#8220;on|desktop&#8220; admin_label=&#8220;section&#8220; module_id=&#8220;agentur&#8220; _builder_version=&#8220;3.22&#8243; background_color=&#8220;#ffffff&#8220; custom_padding=&#8220;0px||2px|||&#8220; custom_padding_tablet=&#8220;50px|0|50px|0&#8243; custom_padding_phone=&#8220;&#8220; transparent_background=&#8220;off&#8220; padding_mobile=&#8220;off&#8220; make_fullwidth=&#8220;off&#8220; use_custom_width=&#8220;off&#8220; width_unit=&#8220;on&#8220;][et_pb_row column_structure=&#8220;2_5,3_5&#8243; padding_mobile=&#8220;off&#8220; column_padding_mobile=&#8220;on&#8220; admin_label=&#8220;row&#8220; _builder_version=&#8220;3.25&#8243; background_size=&#8220;initial&#8220; background_position=&#8220;top_left&#8220; background_repeat=&#8220;repeat&#8220; min_height=&#8220;100px&#8220; custom_margin=&#8220;50px|auto||auto||&#8220; custom_padding=&#8220;0px||3px|||&#8220; make_fullwidth=&#8220;off&#8220; use_custom_width=&#8220;off&#8220; width_unit=&#8220;on&#8220;][et_pb_column type=&#8220;2_5&#8243; _builder_version=&#8220;3.25&#8243; custom_padding=&#8220;|||&#8220; custom_padding__hover=&#8220;|||&#8220;][et_pb_text _builder_version=&#8220;4.4.7&#8243; custom_padding=&#8220;||0px|||&#8220;]<\/p>\n<h3>Project information\u00a0<\/h3>\n<h3><\/h3>\n<p>During the summer holidays 2021 we are organising a &#8222;WIR F\u00dcR KINDER&#8220; football and adventure week in Gelsenkirchen with the association &#8222;Hilfe f\u00fcr verletzte Kinderseelen e. V.&#8220;. The children visit a camp in Gelsenkirchen.<\/p>\n<p>[\/et_pb_text][et_pb_text _builder_version=&#8220;4.4.7&#8243;]<\/p>\n<h3>Stroking the souls of children<\/h3>\n<h3><\/h3>\n<p>Together with the relief organisation &#8222;Fl\u00fcsterpost.e. V.&#8220; from Mainz, which cares for children of cancer patients and parents who have died of cancer, and the organisation &#8222;Hilfe f\u00fcr verletzte Kinderseelen&#8220; from Recklinghausen, which cares for mourning children and siblings of children who have been taken ill for life, 10 siblings of children who have been taken ill for life and are mourning from all over Germany will take part in the camp for one week. You will be professionally cared for full-time and also stay overnight on site. In this way they can recover from the stressful everyday life in the family.<\/p>\n<p>[\/et_pb_text][\/et_pb_column][et_pb_column type=&#8220;3_5&#8243; _builder_version=&#8220;3.25&#8243; custom_padding=&#8220;|||&#8220; custom_padding__hover=&#8220;|||&#8220;][et_pb_image src=&#8220;https:\/\/we-for-kids.com\/wp-content\/uploads\/2020\/07\/Camps_Essen_1024x680px.jpg&#8220; title_text=&#8220;Camps_Essen_1024x680px&#8220; _builder_version=&#8220;4.4.7&#8243;][\/et_pb_image][\/et_pb_column][\/et_pb_row][et_pb_row _builder_version=&#8220;4.4.7&#8243;][et_pb_column type=&#8220;4_4&#8243; _builder_version=&#8220;4.4.7&#8243;][et_pb_text _builder_version=&#8220;4.4.7&#8243;]<\/p>\n<h3>Sick children are in focus<\/h3>\n<p>If a child in the family is seriously ill, often the whole family life is tailored to this child. The needs and wishes of the siblings then usually take a back seat.<br \/>This is usually not done on purpose, but the parents are often under a lot of pressure and assume that the healthy child &#8222;is already walking along&#8220;. However, the siblings of the affected child also carry a heavy burden, because they are worried about their sibling and therefore have fears of their own. And of course, this is not the only reason they need attention and care.<br \/>The situation is similar in families where a close family member dies of cancer. The surviving adults are busy with themselves and their grief, but often do not include the children. However, children have fine antennas and perceive the changed situation particularly intensively. And they too are grieving, but often do not dare to show it, in order not to put additional strain on the adults. This puts a strain on the children and can even have a traumatic effect.<\/p>\n<p>[\/et_pb_text][\/et_pb_column][\/et_pb_row][et_pb_row column_structure=&#8220;3_5,2_5&#8243; _builder_version=&#8220;4.4.7&#8243;][et_pb_column type=&#8220;3_5&#8243; _builder_version=&#8220;4.4.7&#8243;][et_pb_image src=&#8220;https:\/\/we-for-kids.com\/wp-content\/uploads\/2020\/07\/Camps_Pilot_1024x680px.jpg&#8220; title_text=&#8220;Camps_Pilot_1024x680px&#8220; _builder_version=&#8220;4.4.7&#8243;][\/et_pb_image][\/et_pb_column][et_pb_column type=&#8220;2_5&#8243; _builder_version=&#8220;4.4.7&#8243;][et_pb_text _builder_version=&#8220;4.4.7&#8243;]<\/p>\n<h3>Focus on shadow children<\/h3>\n<p>With the sports and adventure week we would like to give these children moments of happiness, they should simply have fun, escape from everyday life and take a deep breath. We give them attention and distance and put them also the shadow children in the centre.<\/p>\n<p>[\/et_pb_text][et_pb_text _builder_version=&#8220;4.4.7&#8243;]<\/p>\n<h3>Sport is passion and connects<\/h3>\n<p>&nbsp;<\/p>\n<p>[\/et_pb_text][\/et_pb_column][\/et_pb_row][et_pb_row _builder_version=&#8220;4.4.7&#8243;][et_pb_column type=&#8220;4_4&#8243; _builder_version=&#8220;4.4.7&#8243;][et_pb_text _builder_version=&#8220;4.4.7&#8243;]<\/p>\n<h3>Supervisor<\/h3>\n<p>[\/et_pb_text][\/et_pb_column][\/et_pb_row][et_pb_row column_structure=&#8220;1_3,1_3,1_3&#8243; _builder_version=&#8220;4.4.7&#8243; custom_margin=&#8220;-3px|auto||auto||&#8220; custom_padding=&#8220;1px||2px|||&#8220;][et_pb_column type=&#8220;1_3&#8243; _builder_version=&#8220;4.4.7&#8243;][et_pb_image src=&#8220;https:\/\/we-for-kids.com\/wp-content\/uploads\/2020\/07\/Camps_zuhoeren_1024x680px.jpg&#8220; title_text=&#8220;Camps_zuhoeren_1024x680px&#8220; _builder_version=&#8220;4.4.7&#8243;][\/et_pb_image][\/et_pb_column][et_pb_column type=&#8220;1_3&#8243; _builder_version=&#8220;4.4.7&#8243;][et_pb_text _builder_version=&#8220;4.4.7&#8243; background_color=&#8220;rgba(0,0,0,0)&#8220;]<\/p>\n<h3>6 supervisors with experience<br \/>and vocational training in childcare<\/h3>\n<p>Bewegungsp\u00e4dagoge f\u00fcr Kinder und Jugendlichen mit geistiger Behinderung im Schwerpunkt Bewegungsf\u00f6rderung und Naturp\u00e4dagogik.<\/p>\n<p>[\/et_pb_text][\/et_pb_column][et_pb_column type=&#8220;1_3&#8243; _builder_version=&#8220;4.4.7&#8243;][et_pb_image src=&#8220;https:\/\/we-for-kids.com\/wp-content\/uploads\/2020\/07\/Camps_Plan_1024x680px.jpg&#8220; title_text=&#8220;Camps_Plan_1024x680px&#8220; _builder_version=&#8220;4.4.7&#8243;][\/et_pb_image][\/et_pb_column][\/et_pb_row][et_pb_row column_structure=&#8220;1_3,1_3,1_3&#8243; _builder_version=&#8220;4.4.7&#8243;][et_pb_column type=&#8220;1_3&#8243; _builder_version=&#8220;4.4.7&#8243;][et_pb_text _builder_version=&#8220;4.4.7&#8243;]<\/p>\n<h3>Supervisor Psychotraumatology<\/h3>\n<p>Instructor in child protection according to \u00a7 8a SGB VIII with experience in child hospice work and child mourning<\/p>\n<p>[\/et_pb_text][\/et_pb_column][et_pb_column type=&#8220;1_3&#8243; _builder_version=&#8220;4.4.7&#8243;][et_pb_image src=&#8220;https:\/\/we-for-kids.com\/wp-content\/uploads\/2020\/07\/Camps_Klettern_1024x680px.jpg&#8220; title_text=&#8220;Camps_Klettern_1024x680px&#8220; _builder_version=&#8220;4.4.7&#8243;][\/et_pb_image][\/et_pb_column][et_pb_column type=&#8220;1_3&#8243; _builder_version=&#8220;4.4.7&#8243;][et_pb_text _builder_version=&#8220;4.4.7&#8243;]<\/p>\n<h3>Supervisor in the field of sport<\/h3>\n<p>With education in rehabilitation sports and experienced football coaches.<\/p>\n<p>[\/et_pb_text][\/et_pb_column][\/et_pb_row][\/et_pb_section]<\/p>\n","protected":false},"excerpt":{"rendered":"<p>[et_pb_section fb_built=&#8220;1&#8243; fullwidth=&#8220;on&#8220; custom_padding_last_edited=&#8220;on|desktop&#8220; admin_label=&#8220;section&#8220; _builder_version=&#8220;3.22&#8243; custom_padding=&#8220;50||1px|||&#8220; custom_padding_tablet=&#8220;50px|0|50px|0&#8243; custom_padding_phone=&#8220;&#8220; transparent_background=&#8220;off&#8220; padding_mobile=&#8220;off&#8220; make_fullwidth=&#8220;off&#8220; use_custom_width=&#8220;off&#8220; width_unit=&#8220;on&#8220;][et_pb_fullwidth_slider admin_label=&#8220;Vollbreiter Slider&#8220; _builder_version=&#8220;4.4.7&#8243; background_enable_image=&#8220;off&#8220; max_width=&#8220;100%&#8220; module_alignment=&#8220;center&#8220; min_height_tablet=&#8220;&#8220; min_height_phone=&#8220;&#8220; min_height_last_edited=&#8220;on|desktop&#8220; height=&#8220;1000px&#8220; custom_margin=&#8220;-50px||0px|||&#8220; custom_padding=&#8220;250||0px|||&#8220; custom_padding_tablet=&#8220;|||&#8220; custom_padding_phone=&#8220;|||&#8220; box_shadow_style=&#8220;preset6&#8243; box_shadow_blur=&#8220;10px&#8220; box_shadow_color=&#8220;rgba(0,0,0,0.1)&#8220; top_padding=&#8220;250&#8243; bottom_padding=&#8220;250&#8243; remove_inner_shadow=&#8220;off&#8220; hide_content_on_mobile=&#8220;off&#8220; hide_cta_on_mobile=&#8220;off&#8220; show_inner_shadow=&#8220;on&#8220; button_letter_spacing_hover=&#8220;0&#8243; button_text_size__hover_enabled=&#8220;off&#8220; button_one_text_size__hover_enabled=&#8220;off&#8220; button_two_text_size__hover_enabled=&#8220;off&#8220; button_text_color__hover_enabled=&#8220;off&#8220; button_one_text_color__hover_enabled=&#8220;off&#8220; button_two_text_color__hover_enabled=&#8220;off&#8220; button_border_width__hover_enabled=&#8220;off&#8220; button_one_border_width__hover_enabled=&#8220;off&#8220; button_two_border_width__hover_enabled=&#8220;off&#8220; button_border_color__hover_enabled=&#8220;off&#8220; button_one_border_color__hover_enabled=&#8220;off&#8220; button_two_border_color__hover_enabled=&#8220;off&#8220; button_border_radius__hover_enabled=&#8220;off&#8220; button_one_border_radius__hover_enabled=&#8220;off&#8220; button_two_border_radius__hover_enabled=&#8220;off&#8220; button_letter_spacing__hover_enabled=&#8220;on&#8220; button_letter_spacing__hover=&#8220;0&#8243; [&hellip;]<\/p>\n","protected":false},"author":1,"featured_media":0,"parent":0,"menu_order":0,"comment_status":"closed","ping_status":"closed","template":"","meta":{"_et_pb_use_builder":"on","_et_pb_old_content":"","_et_gb_content_width":""},"_links":{"self":[{"href":"https:\/\/we-for-kids.com\/index.php\/wp-json\/wp\/v2\/pages\/388"}],"collection":[{"href":"https:\/\/we-for-kids.com\/index.php\/wp-json\/wp\/v2\/pages"}],"about":[{"href":"https:\/\/we-for-kids.com\/index.php\/wp-json\/wp\/v2\/types\/page"}],"author":[{"embeddable":true,"href":"https:\/\/we-for-kids.com\/index.php\/wp-json\/wp\/v2\/users\/1"}],"replies":[{"embeddable":true,"href":"https:\/\/we-for-kids.com\/index.php\/wp-json\/wp\/v2\/comments?post=388"}],"version-history":[{"count":10,"href":"https:\/\/we-for-kids.com\/index.php\/wp-json\/wp\/v2\/pages\/388\/revisions"}],"predecessor-version":[{"id":955,"href":"https:\/\/we-for-kids.com\/index.php\/wp-json\/wp\/v2\/pages\/388\/revisions\/955"}],"wp:attachment":[{"href":"https:\/\/we-for-kids.com\/index.php\/wp-json\/wp\/v2\/media?parent=388"}],"curies":[{"name":"wp","href":"https:\/\/api.w.org\/{rel}","templated":true}]}}